{"id":680,"date":"2025-06-17T19:59:15","date_gmt":"2025-06-17T19:59:15","guid":{"rendered":"https:\/\/r1website.com.br\/loja\/?post_type=product&#038;p=680"},"modified":"2025-06-27T11:28:00","modified_gmt":"2025-06-27T11:28:00","slug":"placas-em-acrilico-um-qr-code","status":"publish","type":"product","link":"https:\/\/r1website.com.br\/loja\/produto\/placas-em-acrilico-um-qr-code\/","title":{"rendered":"Placas em Acr\u00edlico &#8211; Um Qr Code"},"content":{"rendered":"<h3 data-start=\"199\" data-end=\"266\"><strong data-start=\"207\" data-end=\"266\">Placas em Acr\u00edlico com QR Code<\/strong><\/h3>\n<p data-start=\"268\" data-end=\"486\">Destaque sua marca com sofistica\u00e7\u00e3o!<br data-start=\"304\" data-end=\"307\" \/>Nossas <strong data-start=\"314\" data-end=\"351\">Placas em Acr\u00edlico Personalizadas<\/strong> s\u00e3o perfeitas para exibir seu <strong data-start=\"382\" data-end=\"450\">Pix, Instagram, Wi-fi, avalia\u00e7\u00f5es do Google, card\u00e1pio digital<\/strong> e muito mais \u2014 tudo em um s\u00f3 lugar.<\/p>\n<p data-start=\"488\" data-end=\"717\">Feitas com acabamento premium, elas levam um toque moderno ao seu balc\u00e3o e facilitam a vida dos seus clientes. Ideal para <strong data-start=\"610\" data-end=\"717\">lojas, sal\u00f5es, bares, caf\u00e9s, consult\u00f3rios, est\u00fadios e qualquer neg\u00f3cio que valoriza a presen\u00e7a digital.<\/strong><\/p>\n<p data-start=\"719\" data-end=\"856\">\ud83d\udc8e Acr\u00edlico de alta qualidade<br data-start=\"748\" data-end=\"751\" \/>\ud83d\udcf2 QR Code personalizado<br data-start=\"775\" data-end=\"778\" \/>\ud83e\uddfc F\u00e1cil de limpar e dur\u00e1vel<br data-start=\"806\" data-end=\"809\" \/>\u2728 Deixa seu espa\u00e7o mais profissional e atrativo<\/p>\n<p data-start=\"858\" data-end=\"932\">\ud83d\udca1 <strong data-start=\"861\" data-end=\"932\">Transforme cada atendimento em uma oportunidade de venda e conex\u00e3o!<\/strong><\/p>\n","protected":false},"excerpt":{"rendered":"<p>Placa em acr\u00edlico personalizada com seu QR Code de Pix, Instagram, WhatsApp, avalia\u00e7\u00f5es e muito mais. Ideal para destacar sua marca com eleg\u00e2ncia e praticidade no balc\u00e3o da sua loja.<\/p>\n","protected":false},"featured_media":1269,"comment_status":"open","ping_status":"closed","template":"","meta":[],"product_brand":[],"product_cat":[15],"product_tag":[],"class_list":{"0":"post-680","1":"product","2":"type-product","3":"status-publish","4":"has-post-thumbnail","6":"product_cat-placas-em-acrilico","8":"first","9":"instock","10":"taxable","11":"shipping-taxable","12":"purchasable","13":"product-type-variable"},"_links":{"self":[{"href":"https:\/\/r1website.com.br\/loja\/wp-json\/wp\/v2\/product\/680","targetHints":{"allow":["GET"]}}],"collection":[{"href":"https:\/\/r1website.com.br\/loja\/wp-json\/wp\/v2\/product"}],"about":[{"href":"https:\/\/r1website.com.br\/loja\/wp-json\/wp\/v2\/types\/product"}],"replies":[{"embeddable":true,"href":"https:\/\/r1website.com.br\/loja\/wp-json\/wp\/v2\/comments?post=680"}],"wp:featuredmedia":[{"embeddable":true,"href":"https:\/\/r1website.com.br\/loja\/wp-json\/wp\/v2\/media\/1269"}],"wp:attachment":[{"href":"https:\/\/r1website.com.br\/loja\/wp-json\/wp\/v2\/media?parent=680"}],"wp:term":[{"taxonomy":"product_brand","embeddable":true,"href":"https:\/\/r1website.com.br\/loja\/wp-json\/wp\/v2\/product_brand?post=680"},{"taxonomy":"product_cat","embeddable":true,"href":"https:\/\/r1website.com.br\/loja\/wp-json\/wp\/v2\/product_cat?post=680"},{"taxonomy":"product_tag","embeddable":true,"href":"https:\/\/r1website.com.br\/loja\/wp-json\/wp\/v2\/product_tag?post=680"}],"curies":[{"name":"wp","href":"https:\/\/api.w.org\/{rel}","templated":true}]}}